{"id":700,"date":"2022-02-14T15:32:37","date_gmt":"2022-02-14T14:32:37","guid":{"rendered":"https:\/\/villa-matic.hr\/apartmani\/ruzmarin\/"},"modified":"2022-02-19T13:02:52","modified_gmt":"2022-02-19T12:02:52","slug":"ruzmarin","status":"publish","type":"page","link":"https:\/\/villa-matic.hr\/sl\/apartmani\/ruzmarin\/","title":{"rendered":"Ru\u017emarin"},"content":{"rendered":"<p><div class=\"fusion-fullwidth fullwidth-box fusion-builder-row-1 fusion-flex-container nonhundred-percent-fullwidth non-hundred-percent-height-scrolling\" style=\"background-color: rgba(255,255,255,0);background-position: center center;background-repeat: no-repeat;border-width: 0px 0px 0px 0px;border-color:var(--awb-color3);border-style:solid;\" ><div class=\"fusion-builder-row fusion-row fusion-flex-align-items-flex-start\" style=\"max-width:1248px;margin-left: calc(-4% \/ 2 );margin-right: calc(-4% \/ 2 );\"><div class=\"fusion-layout-column fusion_builder_column fusion-builder-column-0 fusion_builder_column_1_1 1_1 fusion-flex-column\"><div class=\"fusion-column-wrapper fusion-flex-justify-content-flex-start fusion-content-layout-column\" style=\"background-position:left top;background-repeat:no-repeat;-webkit-background-size:cover;-moz-background-size:cover;-o-background-size:cover;background-size:cover;padding: 0px 0px 0px 0px;\"><div class=\"fusion-text fusion-text-1\"><table class=\"table table-striped\">\n<tbody>\n<tr>\n<td>Povr\u0161ina bivalne enote<\/td>\n<td>25m2<\/td>\n<\/tr>\n<tr>\n<td>\u0160tevilo spalnic<\/td>\n<td>1<\/td>\n<\/tr>\n<tr>\n<td>\u0160tevilo osnovnih le\u017ei\u0161\u010d<\/td>\n<td>2<\/td>\n<\/tr>\n<tr>\n<td>\u0160tevilo dodatnih le\u017ei\u0161\u010d<\/td>\n<td>1<\/td>\n<\/tr>\n<tr>\n<td>Klimatizirano<\/td>\n<td>Da<\/td>\n<\/tr>\n<tr>\n<td>Dovoljeni hi\u0161ni ljubljen\u010dki<\/td>\n<td>Ne<\/td>\n<\/tr>\n<tr>\n<td>Do morja\/pla\u017ee<\/td>\n<td>50m<\/td>\n<\/tr>\n<\/tbody>\n<\/table>\n<\/div><div style=\"text-align:center;\"><style>.fusion-button.button-1{border-radius:4px 4px 4px 4px;}<\/style><a class=\"fusion-button button-flat fusion-button-default-size button-default button-1 fusion-button-default-span fusion-button-default-type\" target=\"_blank\" rel=\"noopener noreferrer\" title=\"Rezervacija\" href=\"https:\/\/villamatic.book.rentl.io\/?unitTypeId=191bd97a-1480-4fdd-a5ae-da1777f00048&amp;from=14-02-2022&amp;to=16-02-2022&amp;adults=1&amp;children=&amp;rooms=1\"><span class=\"fusion-button-text\">Rezervacija<\/span><\/a><\/div><\/div><style type=\"text\/css\">.fusion-body .fusion-builder-column-0{width:100% !important;margin-top : 0px;margin-bottom : 20px;}.fusion-builder-column-0 > .fusion-column-wrapper {padding-top : 0px !important;padding-right : 0px !important;margin-right : 1.92%;padding-bottom : 0px !important;padding-left : 0px !important;margin-left : 1.92%;}@media only screen and (max-width:1024px) {.fusion-body .fusion-builder-column-0{width:100% !important;order : 0;}.fusion-builder-column-0 > .fusion-column-wrapper {margin-right : 1.92%;margin-left : 1.92%;}}@media only screen and (max-width:640px) {.fusion-body .fusion-builder-column-0{width:100% !important;order : 0;}.fusion-builder-column-0 > .fusion-column-wrapper {margin-right : 1.92%;margin-left : 1.92%;}}<\/style><\/div><\/div><style type=\"text\/css\">.fusion-body .fusion-flex-container.fusion-builder-row-1{ padding-top : 0px;margin-top : 0px;padding-right : 0px;padding-bottom : 0px;margin-bottom : 0px;padding-left : 0px;}<\/style><\/div><div class=\"fusion-fullwidth fullwidth-box fusion-builder-row-2 fusion-flex-container nonhundred-percent-fullwidth non-hundred-percent-height-scrolling\" style=\"background-color: rgba(255,255,255,0);background-position: center center;background-repeat: no-repeat;border-width: 0px 0px 0px 0px;border-color:var(--awb-color3);border-style:solid;\" ><div class=\"fusion-builder-row fusion-row fusion-flex-align-items-flex-start\" style=\"max-width:1248px;margin-left: calc(-4% \/ 2 );margin-right: calc(-4% \/ 2 );\"><div class=\"fusion-layout-column fusion_builder_column fusion-builder-column-1 fusion_builder_column_1_1 1_1 fusion-flex-column\"><div class=\"fusion-column-wrapper fusion-flex-justify-content-flex-start fusion-content-layout-column\" style=\"background-position:left top;background-repeat:no-repeat;-webkit-background-size:cover;-moz-background-size:cover;-o-background-size:cover;background-size:cover;padding: 0px 0px 0px 0px;\"><style type=\"text\/css\">.fusion-gallery-1 .fusion-gallery-image {border:0px solid var(--awb-color3);}<\/style><div class=\"fusion-gallery fusion-gallery-container fusion-grid-4 fusion-columns-total-16 fusion-gallery-layout-grid fusion-gallery-1\" style=\"margin:-2px;\"><div style=\"padding:2.5px;\" class=\"fusion-grid-column fusion-gallery-column fusion-gallery-column-4 hover-type-none\"><div class=\"fusion-gallery-image\"><a href=\"https:\/\/villa-matic.hr\/wp-content\/uploads\/2022\/02\/Ruzmarin-01.jpg\" rel=\"noreferrer\" data-rel=\"iLightbox[gallery_image_1]\" class=\"fusion-lightbox\" target=\"_self\"><img decoding=\"async\" src=\"https:\/\/villa-matic.hr\/wp-content\/uploads\/2022\/02\/Ruzmarin-01-320x202.jpg\" width=\"320\" height=\"202\" alt=\"\" title=\"Ruzmarin 01\" aria-label=\"Ruzmarin 01\" class=\"img-responsive wp-image-466 fusion-gallery-image-size-fixed\" srcset=\"https:\/\/villa-matic.hr\/wp-content\/uploads\/2022\/02\/Ruzmarin-01-320x202.jpg 320w, https:\/\/villa-matic.hr\/wp-content\/uploads\/2022\/02\/Ruzmarin-01-700x441.jpg 700w\" sizes=\"(max-width: 320px) 100vw, 320px\" \/><\/a><\/div><\/div><div style=\"padding:2.5px;\" class=\"fusion-grid-column fusion-gallery-column fusion-gallery-column-4 hover-type-none\"><div class=\"fusion-gallery-image\"><a href=\"https:\/\/villa-matic.hr\/wp-content\/uploads\/2022\/02\/Ruzmarin-02.jpg\" rel=\"noreferrer\" data-rel=\"iLightbox[gallery_image_1]\" class=\"fusion-lightbox\" target=\"_self\"><img decoding=\"async\" src=\"https:\/\/villa-matic.hr\/wp-content\/uploads\/2022\/02\/Ruzmarin-02-320x202.jpg\" width=\"320\" height=\"202\" alt=\"\" title=\"Ruzmarin 02\" aria-label=\"Ruzmarin 02\" class=\"img-responsive wp-image-470 fusion-gallery-image-size-fixed\" srcset=\"https:\/\/villa-matic.hr\/wp-content\/uploads\/2022\/02\/Ruzmarin-02-320x202.jpg 320w, https:\/\/villa-matic.hr\/wp-content\/uploads\/2022\/02\/Ruzmarin-02-700x441.jpg 700w\" sizes=\"(max-width: 320px) 100vw, 320px\" \/><\/a><\/div><\/div><div style=\"padding:2.5px;\" class=\"fusion-grid-column fusion-gallery-column fusion-gallery-column-4 hover-type-none\"><div class=\"fusion-gallery-image\"><a href=\"https:\/\/villa-matic.hr\/wp-content\/uploads\/2022\/02\/Ruzmarin-03.jpg\" rel=\"noreferrer\" data-rel=\"iLightbox[gallery_image_1]\" class=\"fusion-lightbox\" target=\"_self\"><img decoding=\"async\" src=\"https:\/\/villa-matic.hr\/wp-content\/uploads\/2022\/02\/Ruzmarin-03-320x202.jpg\" width=\"320\" height=\"202\" alt=\"\" title=\"Ruzmarin 03\" aria-label=\"Ruzmarin 03\" class=\"img-responsive wp-image-474 fusion-gallery-image-size-fixed\" srcset=\"https:\/\/villa-matic.hr\/wp-content\/uploads\/2022\/02\/Ruzmarin-03-320x202.jpg 320w, https:\/\/villa-matic.hr\/wp-content\/uploads\/2022\/02\/Ruzmarin-03-700x441.jpg 700w\" sizes=\"(max-width: 320px) 100vw, 320px\" \/><\/a><\/div><\/div><div style=\"padding:2.5px;\" class=\"fusion-grid-column fusion-gallery-column fusion-gallery-column-4 hover-type-none\"><div class=\"fusion-gallery-image\"><a href=\"https:\/\/villa-matic.hr\/wp-content\/uploads\/2022\/02\/Ruzmarin-04.jpg\" rel=\"noreferrer\" data-rel=\"iLightbox[gallery_image_1]\" class=\"fusion-lightbox\" target=\"_self\"><img decoding=\"async\" src=\"https:\/\/villa-matic.hr\/wp-content\/uploads\/2022\/02\/Ruzmarin-04-320x202.jpg\" width=\"320\" height=\"202\" alt=\"\" title=\"Ruzmarin 04\" aria-label=\"Ruzmarin 04\" class=\"img-responsive wp-image-478 fusion-gallery-image-size-fixed\" srcset=\"https:\/\/villa-matic.hr\/wp-content\/uploads\/2022\/02\/Ruzmarin-04-320x202.jpg 320w, https:\/\/villa-matic.hr\/wp-content\/uploads\/2022\/02\/Ruzmarin-04-700x441.jpg 700w\" sizes=\"(max-width: 320px) 100vw, 320px\" \/><\/a><\/div><\/div><div class=\"clearfix\"><\/div><div style=\"padding:2.5px;\" class=\"fusion-grid-column fusion-gallery-column fusion-gallery-column-4 hover-type-none\"><div class=\"fusion-gallery-image\"><a href=\"https:\/\/villa-matic.hr\/wp-content\/uploads\/2022\/02\/Ruzmarin-08.jpg\" rel=\"noreferrer\" data-rel=\"iLightbox[gallery_image_1]\" class=\"fusion-lightbox\" target=\"_self\"><img decoding=\"async\" src=\"https:\/\/villa-matic.hr\/wp-content\/uploads\/2022\/02\/Ruzmarin-08-320x202.jpg\" width=\"320\" height=\"202\" alt=\"\" title=\"Ruzmarin 08\" aria-label=\"Ruzmarin 08\" class=\"img-responsive wp-image-494 fusion-gallery-image-size-fixed\" srcset=\"https:\/\/villa-matic.hr\/wp-content\/uploads\/2022\/02\/Ruzmarin-08-320x202.jpg 320w, https:\/\/villa-matic.hr\/wp-content\/uploads\/2022\/02\/Ruzmarin-08-700x441.jpg 700w\" sizes=\"(max-width: 320px) 100vw, 320px\" \/><\/a><\/div><\/div><div style=\"padding:2.5px;\" class=\"fusion-grid-column fusion-gallery-column fusion-gallery-column-4 hover-type-none\"><div class=\"fusion-gallery-image\"><a href=\"https:\/\/villa-matic.hr\/wp-content\/uploads\/2022\/02\/Ruzmarin-05-1.jpg\" rel=\"noreferrer\" data-rel=\"iLightbox[gallery_image_1]\" class=\"fusion-lightbox\" target=\"_self\"><img decoding=\"async\" src=\"https:\/\/villa-matic.hr\/wp-content\/uploads\/2022\/02\/Ruzmarin-05-1-320x202.jpg\" width=\"320\" height=\"202\" alt=\"\" title=\"Ruzmarin 05\" aria-label=\"Ruzmarin 05\" class=\"img-responsive wp-image-571 fusion-gallery-image-size-fixed\" \/><\/a><\/div><\/div><div style=\"padding:2.5px;\" class=\"fusion-grid-column fusion-gallery-column fusion-gallery-column-4 hover-type-none\"><div class=\"fusion-gallery-image\"><a href=\"https:\/\/villa-matic.hr\/wp-content\/uploads\/2022\/02\/Ruzmarin-01-1.jpg\" rel=\"noreferrer\" data-rel=\"iLightbox[gallery_image_1]\" class=\"fusion-lightbox\" target=\"_self\"><img decoding=\"async\" src=\"https:\/\/villa-matic.hr\/wp-content\/uploads\/2022\/02\/Ruzmarin-01-1-320x202.jpg\" width=\"320\" height=\"202\" alt=\"\" title=\"Ruzmarin 01\" aria-label=\"Ruzmarin 01\" class=\"img-responsive wp-image-555 fusion-gallery-image-size-fixed\" srcset=\"https:\/\/villa-matic.hr\/wp-content\/uploads\/2022\/02\/Ruzmarin-01-1-320x202.jpg 320w, https:\/\/villa-matic.hr\/wp-content\/uploads\/2022\/02\/Ruzmarin-01-1-700x441.jpg 700w\" sizes=\"(max-width: 320px) 100vw, 320px\" \/><\/a><\/div><\/div><div style=\"padding:2.5px;\" class=\"fusion-grid-column fusion-gallery-column fusion-gallery-column-4 hover-type-none\"><div class=\"fusion-gallery-image\"><a href=\"https:\/\/villa-matic.hr\/wp-content\/uploads\/2022\/02\/Ruzmarin-04-1.jpg\" rel=\"noreferrer\" data-rel=\"iLightbox[gallery_image_1]\" class=\"fusion-lightbox\" target=\"_self\"><img decoding=\"async\" src=\"https:\/\/villa-matic.hr\/wp-content\/uploads\/2022\/02\/Ruzmarin-04-1-320x202.jpg\" width=\"320\" height=\"202\" alt=\"\" title=\"Ruzmarin 04\" aria-label=\"Ruzmarin 04\" class=\"img-responsive wp-image-567 fusion-gallery-image-size-fixed\" \/><\/a><\/div><\/div><div class=\"clearfix\"><\/div><div style=\"padding:2.5px;\" class=\"fusion-grid-column fusion-gallery-column fusion-gallery-column-4 hover-type-none\"><div class=\"fusion-gallery-image\"><a href=\"https:\/\/villa-matic.hr\/wp-content\/uploads\/2022\/02\/Ruzmarin-09.jpg\" rel=\"noreferrer\" data-rel=\"iLightbox[gallery_image_1]\" class=\"fusion-lightbox\" target=\"_self\"><img decoding=\"async\" src=\"https:\/\/villa-matic.hr\/wp-content\/uploads\/2022\/02\/Ruzmarin-09-320x202.jpg\" width=\"320\" height=\"202\" alt=\"\" title=\"Ruzmarin 09\" aria-label=\"Ruzmarin 09\" class=\"img-responsive wp-image-498 fusion-gallery-image-size-fixed\" srcset=\"https:\/\/villa-matic.hr\/wp-content\/uploads\/2022\/02\/Ruzmarin-09-320x202.jpg 320w, https:\/\/villa-matic.hr\/wp-content\/uploads\/2022\/02\/Ruzmarin-09-700x441.jpg 700w\" sizes=\"(max-width: 320px) 100vw, 320px\" \/><\/a><\/div><\/div><div style=\"padding:2.5px;\" class=\"fusion-grid-column fusion-gallery-column fusion-gallery-column-4 hover-type-none\"><div class=\"fusion-gallery-image\"><a href=\"https:\/\/villa-matic.hr\/wp-content\/uploads\/2022\/02\/Ruzmarin-10.jpg\" rel=\"noreferrer\" data-rel=\"iLightbox[gallery_image_1]\" class=\"fusion-lightbox\" target=\"_self\"><img decoding=\"async\" src=\"https:\/\/villa-matic.hr\/wp-content\/uploads\/2022\/02\/Ruzmarin-10-320x202.jpg\" width=\"320\" height=\"202\" alt=\"\" title=\"Ruzmarin 10\" aria-label=\"Ruzmarin 10\" class=\"img-responsive wp-image-502 fusion-gallery-image-size-fixed\" srcset=\"https:\/\/villa-matic.hr\/wp-content\/uploads\/2022\/02\/Ruzmarin-10-320x202.jpg 320w, https:\/\/villa-matic.hr\/wp-content\/uploads\/2022\/02\/Ruzmarin-10-700x441.jpg 700w\" sizes=\"(max-width: 320px) 100vw, 320px\" \/><\/a><\/div><\/div><div style=\"padding:2.5px;\" class=\"fusion-grid-column fusion-gallery-column fusion-gallery-column-4 hover-type-none\"><div class=\"fusion-gallery-image\"><a href=\"https:\/\/villa-matic.hr\/wp-content\/uploads\/2022\/02\/Ruzmarin-11.jpg\" rel=\"noreferrer\" data-rel=\"iLightbox[gallery_image_1]\" class=\"fusion-lightbox\" target=\"_self\"><img decoding=\"async\" src=\"https:\/\/villa-matic.hr\/wp-content\/uploads\/2022\/02\/Ruzmarin-11-320x202.jpg\" width=\"320\" height=\"202\" alt=\"\" title=\"Ruzmarin 11\" aria-label=\"Ruzmarin 11\" class=\"img-responsive wp-image-506 fusion-gallery-image-size-fixed\" srcset=\"https:\/\/villa-matic.hr\/wp-content\/uploads\/2022\/02\/Ruzmarin-11-320x202.jpg 320w, https:\/\/villa-matic.hr\/wp-content\/uploads\/2022\/02\/Ruzmarin-11-700x441.jpg 700w\" sizes=\"(max-width: 320px) 100vw, 320px\" \/><\/a><\/div><\/div><div style=\"padding:2.5px;\" class=\"fusion-grid-column fusion-gallery-column fusion-gallery-column-4 hover-type-none\"><div class=\"fusion-gallery-image\"><a href=\"https:\/\/villa-matic.hr\/wp-content\/uploads\/2022\/02\/Ruzmarin-02-1.jpg\" rel=\"noreferrer\" data-rel=\"iLightbox[gallery_image_1]\" class=\"fusion-lightbox\" target=\"_self\"><img decoding=\"async\" src=\"https:\/\/villa-matic.hr\/wp-content\/uploads\/2022\/02\/Ruzmarin-02-1-320x202.jpg\" width=\"320\" height=\"202\" alt=\"\" title=\"Ruzmarin 02\" aria-label=\"Ruzmarin 02\" class=\"img-responsive wp-image-559 fusion-gallery-image-size-fixed\" \/><\/a><\/div><\/div><div class=\"clearfix\"><\/div><div style=\"padding:2.5px;\" class=\"fusion-grid-column fusion-gallery-column fusion-gallery-column-4 hover-type-none\"><div class=\"fusion-gallery-image\"><a href=\"https:\/\/villa-matic.hr\/wp-content\/uploads\/2022\/02\/Ruzmarin-12.jpg\" rel=\"noreferrer\" data-rel=\"iLightbox[gallery_image_1]\" class=\"fusion-lightbox\" target=\"_self\"><img decoding=\"async\" src=\"https:\/\/villa-matic.hr\/wp-content\/uploads\/2022\/02\/Ruzmarin-12-320x202.jpg\" width=\"320\" height=\"202\" alt=\"\" title=\"Ruzmarin 12\" aria-label=\"Ruzmarin 12\" class=\"img-responsive wp-image-510 fusion-gallery-image-size-fixed\" srcset=\"https:\/\/villa-matic.hr\/wp-content\/uploads\/2022\/02\/Ruzmarin-12-320x202.jpg 320w, https:\/\/villa-matic.hr\/wp-content\/uploads\/2022\/02\/Ruzmarin-12-700x441.jpg 700w\" sizes=\"(max-width: 320px) 100vw, 320px\" \/><\/a><\/div><\/div><div style=\"padding:2.5px;\" class=\"fusion-grid-column fusion-gallery-column fusion-gallery-column-4 hover-type-none\"><div class=\"fusion-gallery-image\"><a href=\"https:\/\/villa-matic.hr\/wp-content\/uploads\/2022\/02\/Ruzmarin-14.jpg\" rel=\"noreferrer\" data-rel=\"iLightbox[gallery_image_1]\" class=\"fusion-lightbox\" target=\"_self\"><img decoding=\"async\" src=\"https:\/\/villa-matic.hr\/wp-content\/uploads\/2022\/02\/Ruzmarin-14-320x202.jpg\" width=\"320\" height=\"202\" alt=\"\" title=\"Ruzmarin 14\" aria-label=\"Ruzmarin 14\" class=\"img-responsive wp-image-518 fusion-gallery-image-size-fixed\" srcset=\"https:\/\/villa-matic.hr\/wp-content\/uploads\/2022\/02\/Ruzmarin-14-320x202.jpg 320w, https:\/\/villa-matic.hr\/wp-content\/uploads\/2022\/02\/Ruzmarin-14-700x441.jpg 700w\" sizes=\"(max-width: 320px) 100vw, 320px\" \/><\/a><\/div><\/div><div style=\"padding:2.5px;\" class=\"fusion-grid-column fusion-gallery-column fusion-gallery-column-4 hover-type-none\"><div class=\"fusion-gallery-image\"><a href=\"https:\/\/villa-matic.hr\/wp-content\/uploads\/2022\/02\/Ruzmarin-15.jpg\" rel=\"noreferrer\" data-rel=\"iLightbox[gallery_image_1]\" class=\"fusion-lightbox\" target=\"_self\"><img decoding=\"async\" src=\"https:\/\/villa-matic.hr\/wp-content\/uploads\/2022\/02\/Ruzmarin-15-320x202.jpg\" width=\"320\" height=\"202\" alt=\"\" title=\"Ruzmarin 15\" aria-label=\"Ruzmarin 15\" class=\"img-responsive wp-image-522 fusion-gallery-image-size-fixed\" srcset=\"https:\/\/villa-matic.hr\/wp-content\/uploads\/2022\/02\/Ruzmarin-15-320x202.jpg 320w, https:\/\/villa-matic.hr\/wp-content\/uploads\/2022\/02\/Ruzmarin-15-700x441.jpg 700w\" sizes=\"(max-width: 320px) 100vw, 320px\" \/><\/a><\/div><\/div><div style=\"padding:2.5px;\" class=\"fusion-grid-column fusion-gallery-column fusion-gallery-column-4 hover-type-none\"><div class=\"fusion-gallery-image\"><a href=\"https:\/\/villa-matic.hr\/wp-content\/uploads\/2022\/02\/Ruzmarin-03-1.jpg\" rel=\"noreferrer\" data-rel=\"iLightbox[gallery_image_1]\" class=\"fusion-lightbox\" target=\"_self\"><img decoding=\"async\" src=\"https:\/\/villa-matic.hr\/wp-content\/uploads\/2022\/02\/Ruzmarin-03-1-320x202.jpg\" width=\"320\" height=\"202\" alt=\"\" title=\"Ruzmarin 03\" aria-label=\"Ruzmarin 03\" class=\"img-responsive wp-image-563 fusion-gallery-image-size-fixed\" \/><\/a><\/div><\/div><div class=\"clearfix\"><\/div><\/div><\/div><style type=\"text\/css\">.fusion-body .fusion-builder-column-1{width:100% !important;margin-top : 0px;margin-bottom : 20px;}.fusion-builder-column-1 > .fusion-column-wrapper {padding-top : 0px !important;padding-right : 0px !important;margin-right : 1.92%;padding-bottom : 0px !important;padding-left : 0px !important;margin-left : 1.92%;}@media only screen and (max-width:1024px) {.fusion-body .fusion-builder-column-1{width:100% !important;order : 0;}.fusion-builder-column-1 > .fusion-column-wrapper {margin-right : 1.92%;margin-left : 1.92%;}}@media only screen and (max-width:640px) {.fusion-body .fusion-builder-column-1{width:100% !important;order : 0;}.fusion-builder-column-1 > .fusion-column-wrapper {margin-right : 1.92%;margin-left : 1.92%;}}<\/style><\/div><\/div><style type=\"text\/css\">.fusion-body .fusion-flex-container.fusion-builder-row-2{ padding-top : 0px;margin-top : 100px;padding-right : 0px;padding-bottom : 0px;margin-bottom : 0px;padding-left : 0px;}<\/style><\/div><\/p>\n","protected":false},"excerpt":{"rendered":"","protected":false},"author":1,"featured_media":0,"parent":680,"menu_order":0,"comment_status":"closed","ping_status":"closed","template":"","meta":{"footnotes":""},"class_list":["post-700","page","type-page","status-publish","hentry"],"yoast_head":"<!-- This site is optimized with the Yoast SEO plugin v18.1 - https:\/\/yoast.com\/wordpress\/plugins\/seo\/ -->\n<title>Ru\u017emarin - Apartmani - Villa Matic<\/title>\n<meta name=\"robots\" content=\"index, follow, max-snippet:-1, max-image-preview:large, max-video-preview:-1\" \/>\n<link rel=\"canonical\" href=\"https:\/\/villa-matic.hr\/sl\/apartmani\/ruzmarin\/\" \/>\n<meta property=\"og:locale\" content=\"sl_SI\" \/>\n<meta property=\"og:type\" content=\"article\" \/>\n<meta property=\"og:title\" content=\"Ru\u017emarin - Apartmani - Villa Matic\" \/>\n<meta property=\"og:url\" content=\"https:\/\/villa-matic.hr\/sl\/apartmani\/ruzmarin\/\" \/>\n<meta property=\"og:site_name\" content=\"Villa Matic\" \/>\n<meta property=\"article:modified_time\" content=\"2022-02-19T12:02:52+00:00\" \/>\n<meta name=\"twitter:card\" content=\"summary_large_image\" \/>\n<meta name=\"twitter:label1\" content=\"Est. reading time\" \/>\n\t<meta name=\"twitter:data1\" content=\"6 minut\" \/>\n<script type=\"application\/ld+json\" class=\"yoast-schema-graph\">{\"@context\":\"https:\/\/schema.org\",\"@graph\":[{\"@type\":\"Organization\",\"@id\":\"https:\/\/villa-matic.hr\/#organization\",\"name\":\"Villa Mati\u0107\",\"url\":\"https:\/\/villa-matic.hr\/\",\"sameAs\":[],\"logo\":{\"@type\":\"ImageObject\",\"@id\":\"https:\/\/villa-matic.hr\/#logo\",\"inLanguage\":\"sl-SI\",\"url\":\"https:\/\/villa-matic.hr\/wp-content\/uploads\/2022\/02\/logo-villa-matic.png\",\"contentUrl\":\"https:\/\/villa-matic.hr\/wp-content\/uploads\/2022\/02\/logo-villa-matic.png\",\"width\":250,\"height\":67,\"caption\":\"Villa Mati\u0107\"},\"image\":{\"@id\":\"https:\/\/villa-matic.hr\/#logo\"}},{\"@type\":\"WebSite\",\"@id\":\"https:\/\/villa-matic.hr\/#website\",\"url\":\"https:\/\/villa-matic.hr\/\",\"name\":\"Villa Matic\",\"description\":\"Savr\u0161eno mjesto za Va\u0161 odmor!\",\"publisher\":{\"@id\":\"https:\/\/villa-matic.hr\/#organization\"},\"potentialAction\":[{\"@type\":\"SearchAction\",\"target\":{\"@type\":\"EntryPoint\",\"urlTemplate\":\"https:\/\/villa-matic.hr\/?s={search_term_string}\"},\"query-input\":\"required name=search_term_string\"}],\"inLanguage\":\"sl-SI\"},{\"@type\":\"WebPage\",\"@id\":\"https:\/\/villa-matic.hr\/sl\/apartmani\/ruzmarin\/#webpage\",\"url\":\"https:\/\/villa-matic.hr\/sl\/apartmani\/ruzmarin\/\",\"name\":\"Ru\u017emarin - Apartmani - Villa Matic\",\"isPartOf\":{\"@id\":\"https:\/\/villa-matic.hr\/#website\"},\"datePublished\":\"2022-02-14T14:32:37+00:00\",\"dateModified\":\"2022-02-19T12:02:52+00:00\",\"breadcrumb\":{\"@id\":\"https:\/\/villa-matic.hr\/sl\/apartmani\/ruzmarin\/#breadcrumb\"},\"inLanguage\":\"sl-SI\",\"potentialAction\":[{\"@type\":\"ReadAction\",\"target\":[\"https:\/\/villa-matic.hr\/sl\/apartmani\/ruzmarin\/\"]}]},{\"@type\":\"BreadcrumbList\",\"@id\":\"https:\/\/villa-matic.hr\/sl\/apartmani\/ruzmarin\/#breadcrumb\",\"itemListElement\":[{\"@type\":\"ListItem\",\"position\":1,\"name\":\"Home\",\"item\":\"https:\/\/villa-matic.hr\/sl\/\"},{\"@type\":\"ListItem\",\"position\":2,\"name\":\"Apartmani\",\"item\":\"https:\/\/villa-matic.hr\/sl\/apartmani\/\"},{\"@type\":\"ListItem\",\"position\":3,\"name\":\"Ru\u017emarin\"}]}]}<\/script>\n<!-- \/ Yoast SEO plugin. -->","yoast_head_json":{"title":"Ru\u017emarin - Apartmani - Villa Matic","robots":{"index":"index","follow":"follow","max-snippet":"max-snippet:-1","max-image-preview":"max-image-preview:large","max-video-preview":"max-video-preview:-1"},"canonical":"https:\/\/villa-matic.hr\/sl\/apartmani\/ruzmarin\/","og_locale":"sl_SI","og_type":"article","og_title":"Ru\u017emarin - Apartmani - Villa Matic","og_url":"https:\/\/villa-matic.hr\/sl\/apartmani\/ruzmarin\/","og_site_name":"Villa Matic","article_modified_time":"2022-02-19T12:02:52+00:00","twitter_card":"summary_large_image","twitter_misc":{"Est. reading time":"6 minut"},"schema":{"@context":"https:\/\/schema.org","@graph":[{"@type":"Organization","@id":"https:\/\/villa-matic.hr\/#organization","name":"Villa Mati\u0107","url":"https:\/\/villa-matic.hr\/","sameAs":[],"logo":{"@type":"ImageObject","@id":"https:\/\/villa-matic.hr\/#logo","inLanguage":"sl-SI","url":"https:\/\/villa-matic.hr\/wp-content\/uploads\/2022\/02\/logo-villa-matic.png","contentUrl":"https:\/\/villa-matic.hr\/wp-content\/uploads\/2022\/02\/logo-villa-matic.png","width":250,"height":67,"caption":"Villa Mati\u0107"},"image":{"@id":"https:\/\/villa-matic.hr\/#logo"}},{"@type":"WebSite","@id":"https:\/\/villa-matic.hr\/#website","url":"https:\/\/villa-matic.hr\/","name":"Villa Matic","description":"Savr\u0161eno mjesto za Va\u0161 odmor!","publisher":{"@id":"https:\/\/villa-matic.hr\/#organization"},"potentialAction":[{"@type":"SearchAction","target":{"@type":"EntryPoint","urlTemplate":"https:\/\/villa-matic.hr\/?s={search_term_string}"},"query-input":"required name=search_term_string"}],"inLanguage":"sl-SI"},{"@type":"WebPage","@id":"https:\/\/villa-matic.hr\/sl\/apartmani\/ruzmarin\/#webpage","url":"https:\/\/villa-matic.hr\/sl\/apartmani\/ruzmarin\/","name":"Ru\u017emarin - Apartmani - Villa Matic","isPartOf":{"@id":"https:\/\/villa-matic.hr\/#website"},"datePublished":"2022-02-14T14:32:37+00:00","dateModified":"2022-02-19T12:02:52+00:00","breadcrumb":{"@id":"https:\/\/villa-matic.hr\/sl\/apartmani\/ruzmarin\/#breadcrumb"},"inLanguage":"sl-SI","potentialAction":[{"@type":"ReadAction","target":["https:\/\/villa-matic.hr\/sl\/apartmani\/ruzmarin\/"]}]},{"@type":"BreadcrumbList","@id":"https:\/\/villa-matic.hr\/sl\/apartmani\/ruzmarin\/#breadcrumb","itemListElement":[{"@type":"ListItem","position":1,"name":"Home","item":"https:\/\/villa-matic.hr\/sl\/"},{"@type":"ListItem","position":2,"name":"Apartmani","item":"https:\/\/villa-matic.hr\/sl\/apartmani\/"},{"@type":"ListItem","position":3,"name":"Ru\u017emarin"}]}]}},"_links":{"self":[{"href":"https:\/\/villa-matic.hr\/sl\/wp-json\/wp\/v2\/pages\/700","targetHints":{"allow":["GET"]}}],"collection":[{"href":"https:\/\/villa-matic.hr\/sl\/wp-json\/wp\/v2\/pages"}],"about":[{"href":"https:\/\/villa-matic.hr\/sl\/wp-json\/wp\/v2\/types\/page"}],"author":[{"embeddable":true,"href":"https:\/\/villa-matic.hr\/sl\/wp-json\/wp\/v2\/users\/1"}],"replies":[{"embeddable":true,"href":"https:\/\/villa-matic.hr\/sl\/wp-json\/wp\/v2\/comments?post=700"}],"version-history":[{"count":2,"href":"https:\/\/villa-matic.hr\/sl\/wp-json\/wp\/v2\/pages\/700\/revisions"}],"predecessor-version":[{"id":724,"href":"https:\/\/villa-matic.hr\/sl\/wp-json\/wp\/v2\/pages\/700\/revisions\/724"}],"up":[{"embeddable":true,"href":"https:\/\/villa-matic.hr\/sl\/wp-json\/wp\/v2\/pages\/680"}],"wp:attachment":[{"href":"https:\/\/villa-matic.hr\/sl\/wp-json\/wp\/v2\/media?parent=700"}],"curies":[{"name":"wp","href":"https:\/\/api.w.org\/{rel}","templated":true}]}}